{"id":67,"date":"2020-02-10T13:17:04","date_gmt":"2020-02-10T16:17:04","guid":{"rendered":"http:\/\/smgc4.masterix2.com.br\/totalengenharia\/?page_id=67"},"modified":"2021-04-23T14:01:36","modified_gmt":"2021-04-23T17:01:36","slug":"restauracao-3","status":"publish","type":"page","link":"https:\/\/smgc4.masterix2.com.br\/totalengenharia\/restauracao-3\/","title":{"rendered":"Restaura\u00e7\u00f5es"},"content":{"rendered":"\n<div class=\"wp-block-image d-none d-md-block d-lg-block\">\n<figure class=\"alignleft size-large is-resized\">\n<a href=\"https:\/\/smgc4.masterix2.com.br\/totalengenharia\/wp-content\/uploads\/sites\/10\/2021\/02\/Restauracao-Casa-Bernardo-Guimaraes-Ouro-Preto-MG-min-scaled.jpg\">\n<img loading=\"lazy\" decoding=\"async\" src=\"https:\/\/smgc4.masterix2.com.br\/totalengenharia\/wp-content\/uploads\/sites\/10\/2021\/03\/CAPA-Casa-Bernardo-Guimaraes-Ouro-Preto-MG-min.jpg\" alt=\"\" class=\"img-responsive wp-image-436\" width=\"250\" height=\"150\" srcset=\"https:\/\/smgc4.masterix2.com.br\/totalengenharia\/wp-content\/uploads\/sites\/10\/2021\/03\/CAPA-Casa-Bernardo-Guimaraes-Ouro-Preto-MG-min.jpg 500w, https:\/\/smgc4.masterix2.com.br\/totalengenharia\/wp-content\/uploads\/sites\/10\/2021\/03\/CAPA-Casa-Bernardo-Guimaraes-Ouro-Preto-MG-min-300x180.jpg 300w\" sizes=\"auto, (max-width: 250px) 100vw, 250px\" \/><\/a>\n<figcaption><strong>Casa Bernardo Guimaraes &#8211; Ouro Preto <\/strong><\/figcaption><\/figure><\/div>\n\n\n<div class=\"wp-block-image d-block d-md-none d-lg-none\">\n<figure class=\"aligncenter size-large is-resized\">\n<a href=\"https:\/\/smgc4.masterix2.com.br\/totalengenharia\/wp-content\/uploads\/sites\/10\/2021\/02\/Restauracao-Casa-Bernardo-Guimaraes-Ouro-Preto-MG-min-scaled.jpg\">\n<img decoding=\"async\" src=\"https:\/\/smgc4.masterix2.com.br\/totalengenharia\/wp-content\/uploads\/sites\/10\/2021\/03\/CAPA-Casa-Bernardo-Guimaraes-Ouro-Preto-MG-min.jpg\" alt=\"\" class=\"img-responsive\"><\/a>\n<figcaption><strong>Casa Bernardo Guimaraes &#8211; Ouro Preto <\/strong><\/figcaption><\/figure><\/div>\n\n\n\n<div class=\"wp-block-image d-none d-md-block d-lg-block\">\n<figure class=\"alignleft size-large is-resized\">\n<a href=\"https:\/\/smgc4.masterix2.com.br\/totalengenharia\/wp-content\/uploads\/sites\/10\/2021\/02\/Restauracao-Centro-Cultural-Fiemg-Ouro-Preto-MG-min-scaled.jpg\">\n<img loading=\"lazy\" decoding=\"async\" src=\"https:\/\/smgc4.masterix2.com.br\/totalengenharia\/wp-content\/uploads\/sites\/10\/2021\/03\/CAPA-Centro-Cultural-Fiemg-Ouro-Preto-MG-min.jpg\" alt=\"\" class=\"img-responsive wp-image-438\" width=\"250\" height=\"150\" srcset=\"https:\/\/smgc4.masterix2.com.br\/totalengenharia\/wp-content\/uploads\/sites\/10\/2021\/03\/CAPA-Centro-Cultural-Fiemg-Ouro-Preto-MG-min.jpg 500w, https:\/\/smgc4.masterix2.com.br\/totalengenharia\/wp-content\/uploads\/sites\/10\/2021\/03\/CAPA-Centro-Cultural-Fiemg-Ouro-Preto-MG-min-300x180.jpg 300w\" sizes=\"auto, (max-width: 250px) 100vw, 250px\" \/>\n<\/a><figcaption><strong>Centro Cultural &#8211; Fiemg &#8211; Ouro Preto &#8211; MG<\/strong><\/figcaption><\/figure><\/div>\n\n\n<div class=\"wp-block-image d-block d-md-none d-lg-none\">\n<figure class=\"aligncenter size-large is-resized\">\n<a href=\"https:\/\/smgc4.masterix2.com.br\/totalengenharia\/wp-content\/uploads\/sites\/10\/2021\/02\/Restauracao-Centro-Cultural-Fiemg-Ouro-Preto-MG-min-scaled.jpg\">\n<img decoding=\"async\" src=\"https:\/\/smgc4.masterix2.com.br\/totalengenharia\/wp-content\/uploads\/sites\/10\/2021\/03\/CAPA-Centro-Cultural-Fiemg-Ouro-Preto-MG-min.jpg\" alt=\"\" class=\"img-responsive\">\n<\/a><figcaption><strong>Centro Cultural &#8211; Fiemg &#8211; Ouro Preto &#8211; MG<\/strong><\/figcaption><\/figure><\/div>\n\n\n\n<div class=\"wp-block-image d-none d-md-block d-lg-block\">\n<figure class=\"alignleft size-large is-resized\">\n<a href=\"https:\/\/smgc4.masterix2.com.br\/totalengenharia\/estacoes-ouro-preto-e-mariana-mg\">\n<img loading=\"lazy\" decoding=\"async\" src=\"https:\/\/smgc4.masterix2.com.br\/totalengenharia\/wp-content\/uploads\/sites\/10\/2021\/03\/Capa-Estacoes-Ouro-Preto-e-Mariana-MG-Foto-1-min.jpg\" alt=\"\" class=\"img-responsive wp-image-440\" width=\"250\" height=\"150\" srcset=\"https:\/\/smgc4.masterix2.com.br\/totalengenharia\/wp-content\/uploads\/sites\/10\/2021\/03\/Capa-Estacoes-Ouro-Preto-e-Mariana-MG-Foto-1-min.jpg 500w, https:\/\/smgc4.masterix2.com.br\/totalengenharia\/wp-content\/uploads\/sites\/10\/2021\/03\/Capa-Estacoes-Ouro-Preto-e-Mariana-MG-Foto-1-min-300x180.jpg 300w\" sizes=\"auto, (max-width: 250px) 100vw, 250px\" \/><\/a>\n<figcaption><strong>Esta\u00e7\u00f5es &#8211; Ouro Preto e Mariana &#8211; MG <\/strong> <\/figcaption><\/figure><\/div>\n\n\n<div class=\"wp-block-image d-block d-md-none d-lg-none\">\n<figure class=\"aligncenter size-large is-resized\">\n<a href=\"https:\/\/smgc4.masterix2.com.br\/totalengenharia\/estacoes-ouro-preto-e-mariana-mg\">\n<img decoding=\"async\" src=\"https:\/\/smgc4.masterix2.com.br\/totalengenharia\/wp-content\/uploads\/sites\/10\/2021\/03\/Capa-Estacoes-Ouro-Preto-e-Mariana-MG-Foto-1-min.jpg\" alt=\"\" class=\"img-responsive\"><\/a>\n<figcaption><strong>Esta\u00e7\u00f5es &#8211; Ouro Preto e Mariana &#8211; MG <\/strong> <\/figcaption><\/figure><\/div>\n\n\n\n<div class=\"wp-block-image d-none d-md-block d-lg-block\">\n<figure class=\"alignleft size-large is-resized\">\n<a href=\"https:\/\/smgc4.masterix2.com.br\/totalengenharia\/wp-content\/uploads\/sites\/10\/2021\/02\/Restauracao-Mercado-Velho-Diamantina-MG-min.jpg\">\n<img loading=\"lazy\" decoding=\"async\" src=\"https:\/\/smgc4.masterix2.com.br\/totalengenharia\/wp-content\/uploads\/sites\/10\/2021\/03\/CAPA-Mercado-Velho-Diamantina-MG-min.jpg\" alt=\"\" class=\"img-responsive wp-image-445\" width=\"250\" height=\"150\" srcset=\"https:\/\/smgc4.masterix2.com.br\/totalengenharia\/wp-content\/uploads\/sites\/10\/2021\/03\/CAPA-Mercado-Velho-Diamantina-MG-min.jpg 500w, https:\/\/smgc4.masterix2.com.br\/totalengenharia\/wp-content\/uploads\/sites\/10\/2021\/03\/CAPA-Mercado-Velho-Diamantina-MG-min-300x180.jpg 300w\" sizes=\"auto, (max-width: 250px) 100vw, 250px\" \/><\/a>\n<figcaption><strong> Mercado Velho &#8211; Diamantina &#8211; MG<\/strong><\/figcaption><\/figure><\/div>\n\n\n<div class=\"wp-block-image d-block d-md-none d-lg-none\">\n<figure class=\"aligncenter size-large is-resized\">\n<a href=\"https:\/\/smgc4.masterix2.com.br\/totalengenharia\/wp-content\/uploads\/sites\/10\/2021\/02\/Restauracao-Mercado-Velho-Diamantina-MG-min.jpg\">\n<img decoding=\"async\" src=\"https:\/\/smgc4.masterix2.com.br\/totalengenharia\/wp-content\/uploads\/sites\/10\/2021\/03\/CAPA-Mercado-Velho-Diamantina-MG-min.jpg\" alt=\"\" class=\"img-responsive\"><\/a>\n<figcaption><strong> Mercado Velho &#8211; Diamantina &#8211; MG<\/strong><\/figcaption><\/figure><\/div>\n\n\n\n<div class=\"wp-block-image d-none d-md-block d-lg-block\">\n<figure class=\"alignleft size-large is-resized\"><a href=\"https:\/\/smgc4.masterix2.com.br\/totalengenharia\/teatro-municipal-santa-izabel-diamantina-mg\">\n<img loading=\"lazy\" decoding=\"async\" src=\"https:\/\/smgc4.masterix2.com.br\/totalengenharia\/wp-content\/uploads\/sites\/10\/2021\/03\/CAPA-Cadeia-Velha-Teatro-Municipal-Santa-Izabel-Diamantina-MG-Foto-1-min.jpg\" alt=\"\" class=\"img-responsive wp-image-450\" width=\"250\" height=\"150\" srcset=\"https:\/\/smgc4.masterix2.com.br\/totalengenharia\/wp-content\/uploads\/sites\/10\/2021\/03\/CAPA-Cadeia-Velha-Teatro-Municipal-Santa-Izabel-Diamantina-MG-Foto-1-min.jpg 500w, https:\/\/smgc4.masterix2.com.br\/totalengenharia\/wp-content\/uploads\/sites\/10\/2021\/03\/CAPA-Cadeia-Velha-Teatro-Municipal-Santa-Izabel-Diamantina-MG-Foto-1-min-300x180.jpg 300w\" sizes=\"auto, (max-width: 250px) 100vw, 250px\" \/>\n<\/a><figcaption><strong>Teatro Municipal Santa Izabel &#8211; Diamantina &#8211; MG<\/strong><\/figcaption><\/figure><\/div>\n\n\n\n<div class=\"wp-block-image d-block d-md-none d-lg-none\">\n<figure class=\"aligncenter size-large is-resized\"><a href=\"https:\/\/smgc4.masterix2.com.br\/totalengenharia\/teatro-municipal-santa-izabel-diamantina-mg\">\n<img decoding=\"async\" src=\"https:\/\/smgc4.masterix2.com.br\/totalengenharia\/wp-content\/uploads\/sites\/10\/2021\/03\/CAPA-Cadeia-Velha-Teatro-Municipal-Santa-Izabel-Diamantina-MG-Foto-1-min.jpg\" alt=\"\" class=\"img-responsive\">\n<\/a><figcaption><strong>Teatro Municipal Santa Izabel &#8211; Diamantina &#8211; MG<\/strong><\/figcaption><\/figure><\/div>\n\n\n\n<div class=\"wp-block-image d-none d-md-block d-lg-block\">\n<figure class=\"alignleft size-large is-resized\">\n<a href=\"https:\/\/smgc4.masterix2.com.br\/totalengenharia\/wp-content\/uploads\/sites\/10\/2021\/02\/Restauracao-Centro-de-Cultura-de-Belo-Horizonte-Belo-Horizonte-MG-min-1.jpg\">\n<img loading=\"lazy\" decoding=\"async\" src=\"https:\/\/smgc4.masterix2.com.br\/totalengenharia\/wp-content\/uploads\/sites\/10\/2021\/03\/CAPA-Centro-de-Cultura-de-Belo-Horizonte-Belo-Horizonte-MG-min.jpg\" alt=\"\" class=\"img-responsive wp-image-452\" width=\"250\" height=\"150\" srcset=\"https:\/\/smgc4.masterix2.com.br\/totalengenharia\/wp-content\/uploads\/sites\/10\/2021\/03\/CAPA-Centro-de-Cultura-de-Belo-Horizonte-Belo-Horizonte-MG-min.jpg 500w, https:\/\/smgc4.masterix2.com.br\/totalengenharia\/wp-content\/uploads\/sites\/10\/2021\/03\/CAPA-Centro-de-Cultura-de-Belo-Horizonte-Belo-Horizonte-MG-min-300x180.jpg 300w\" sizes=\"auto, (max-width: 250px) 100vw, 250px\" \/>\n<\/a><figcaption><strong>Centro de Cultura de Belo Horizonte &#8211; Belo Horizonte<\/strong> <strong>&#8211; MG<\/strong><\/figcaption><\/figure><\/div>\n\n\n<div class=\"wp-block-image d-block d-md-none d-lg-none\">\n<figure class=\"aligncenter size-large is-resized\">\n<a href=\"https:\/\/smgc4.masterix2.com.br\/totalengenharia\/wp-content\/uploads\/sites\/10\/2021\/02\/Restauracao-Centro-de-Cultura-de-Belo-Horizonte-Belo-Horizonte-MG-min-1.jpg\">\n<img decoding=\"async\" src=\"https:\/\/smgc4.masterix2.com.br\/totalengenharia\/wp-content\/uploads\/sites\/10\/2021\/03\/CAPA-Centro-de-Cultura-de-Belo-Horizonte-Belo-Horizonte-MG-min.jpg\" alt=\"\" class=\"img-responsive\">\n<\/a><figcaption><strong>Centro de Cultura de Belo Horizonte &#8211; Belo Horizonte<\/strong> <strong>&#8211; MG<\/strong><\/figcaption><\/figure><\/div>\n\n\n\n<div class=\"wp-block-image d-none d-md-block d-lg-block\">\n<figure class=\"alignleft size-large is-resized\"><a href=\"https:\/\/smgc4.masterix2.com.br\/totalengenharia\/wp-content\/uploads\/sites\/10\/2021\/02\/Restauracao-Museu-da-Liturgia-Tiradentes-MG-min-1-scaled.jpg\">\n<img loading=\"lazy\" decoding=\"async\" src=\"https:\/\/smgc4.masterix2.com.br\/totalengenharia\/wp-content\/uploads\/sites\/10\/2021\/03\/CAPA-Museu-da-Liturgia-Tiradentes-MG-min.jpg\" alt=\"\" class=\"img-responsive wp-image-454\" width=\"250\" height=\"150\" srcset=\"https:\/\/smgc4.masterix2.com.br\/totalengenharia\/wp-content\/uploads\/sites\/10\/2021\/03\/CAPA-Museu-da-Liturgia-Tiradentes-MG-min.jpg 500w, https:\/\/smgc4.masterix2.com.br\/totalengenharia\/wp-content\/uploads\/sites\/10\/2021\/03\/CAPA-Museu-da-Liturgia-Tiradentes-MG-min-300x180.jpg 300w\" sizes=\"auto, (max-width: 250px) 100vw, 250px\" \/><\/a><figcaption>  \n<strong>Museu da Liturgia &#8211; Tiradentes &#8211; MG<\/strong><\/figcaption><\/figure><\/div>\n\n\n<div class=\"wp-block-image d-block d-md-none d-lg-none\">\n<figure class=\"aligncenter size-large is-resized\"><a href=\"https:\/\/smgc4.masterix2.com.br\/totalengenharia\/wp-content\/uploads\/sites\/10\/2021\/02\/Restauracao-Museu-da-Liturgia-Tiradentes-MG-min-1-scaled.jpg\">\n<img decoding=\"async\" src=\"https:\/\/smgc4.masterix2.com.br\/totalengenharia\/wp-content\/uploads\/sites\/10\/2021\/03\/CAPA-Museu-da-Liturgia-Tiradentes-MG-min.jpg\" alt=\"\" class=\"img-responsive\"><\/a><figcaption>  \n<strong>Museu da Liturgia &#8211; Tiradentes &#8211; MG<\/strong><\/figcaption><\/figure><\/div>\n\n\n\n<div class=\"wp-block-image d-none d-md-block d-lg-block\">\n<figure class=\"alignleft size-large is-resized\"><a href=\"https:\/\/smgc4.masterix2.com.br\/totalengenharia\/wp-content\/uploads\/sites\/10\/2021\/02\/Restauracao-Museu-de-Artes-e-Oficios-Belo-Horizonte-MG-min-1-scaled.jpg\">\n<img loading=\"lazy\" decoding=\"async\" src=\"https:\/\/smgc4.masterix2.com.br\/totalengenharia\/wp-content\/uploads\/sites\/10\/2021\/03\/CAPA-Museu-de-Artes-e-Oficios-Belo-Horizonte-MG-min.jpg\" alt=\"\" class=\"img-responsive wp-image-456\" width=\"250\" height=\"150\" srcset=\"https:\/\/smgc4.masterix2.com.br\/totalengenharia\/wp-content\/uploads\/sites\/10\/2021\/03\/CAPA-Museu-de-Artes-e-Oficios-Belo-Horizonte-MG-min.jpg 500w, https:\/\/smgc4.masterix2.com.br\/totalengenharia\/wp-content\/uploads\/sites\/10\/2021\/03\/CAPA-Museu-de-Artes-e-Oficios-Belo-Horizonte-MG-min-300x180.jpg 300w\" sizes=\"auto, (max-width: 250px) 100vw, 250px\" \/><\/a>\n<figcaption><strong>Museu de Artes e Of\u00edcios &#8211; Belo Horizonte &#8211; MG<\/strong><\/figcaption><\/figure><\/div>\n\n\n<div class=\"wp-block-image d-block d-md-none d-lg-none\">\n<figure class=\"aligncenter size-large is-resized\"><a href=\"https:\/\/smgc4.masterix2.com.br\/totalengenharia\/wp-content\/uploads\/sites\/10\/2021\/02\/Restauracao-Museu-de-Artes-e-Oficios-Belo-Horizonte-MG-min-1-scaled.jpg\">\n<img decoding=\"async\" src=\"https:\/\/smgc4.masterix2.com.br\/totalengenharia\/wp-content\/uploads\/sites\/10\/2021\/03\/CAPA-Museu-de-Artes-e-Oficios-Belo-Horizonte-MG-min.jpg\" alt=\"\" class=\"img-responsive\"><\/a>\n<figcaption><strong>Museu de Artes e Of\u00edcios &#8211; Belo Horizonte &#8211; MG<\/strong><\/figcaption><\/figure><\/div>\n","protected":false},"excerpt":{"rendered":"<p>Casa Bernardo Guimaraes &#8211; Ouro Preto Casa Bernardo Guimaraes &#8211; Ouro Preto Centro Cultural &#8211; Fiemg &#8211; Ouro Preto &#8211; MG Centro Cultural &#8211; Fiemg &#8211; Ouro Preto &#8211; MG Esta\u00e7\u00f5es &#8211; Ouro Preto e Mariana &#8211; MG Esta\u00e7\u00f5es &#8211; Ouro Preto e Mariana &#8211; MG Mercado Velho &#8211; Diamantina &#8211; MG Mercado Velho &#8211; [&hellip;]<\/p>\n","protected":false},"author":5,"featured_media":0,"parent":0,"menu_order":0,"comment_status":"closed","ping_status":"closed","template":"","meta":{"footnotes":""},"class_list":["post-67","page","type-page","status-publish","hentry"],"_links":{"self":[{"href":"https:\/\/smgc4.masterix2.com.br\/totalengenharia\/wp-json\/wp\/v2\/pages\/67","targetHints":{"allow":["GET"]}}],"collection":[{"href":"https:\/\/smgc4.masterix2.com.br\/totalengenharia\/wp-json\/wp\/v2\/pages"}],"about":[{"href":"https:\/\/smgc4.masterix2.com.br\/totalengenharia\/wp-json\/wp\/v2\/types\/page"}],"author":[{"embeddable":true,"href":"https:\/\/smgc4.masterix2.com.br\/totalengenharia\/wp-json\/wp\/v2\/users\/5"}],"replies":[{"embeddable":true,"href":"https:\/\/smgc4.masterix2.com.br\/totalengenharia\/wp-json\/wp\/v2\/comments?post=67"}],"version-history":[{"count":35,"href":"https:\/\/smgc4.masterix2.com.br\/totalengenharia\/wp-json\/wp\/v2\/pages\/67\/revisions"}],"predecessor-version":[{"id":578,"href":"https:\/\/smgc4.masterix2.com.br\/totalengenharia\/wp-json\/wp\/v2\/pages\/67\/revisions\/578"}],"wp:attachment":[{"href":"https:\/\/smgc4.masterix2.com.br\/totalengenharia\/wp-json\/wp\/v2\/media?parent=67"}],"curies":[{"name":"wp","href":"https:\/\/api.w.org\/{rel}","templated":true}]}}